{"id":1646,"date":"2018-01-14T15:54:40","date_gmt":"2018-01-14T15:54:40","guid":{"rendered":"https:\/\/3776d.com\/3776d-trail-et-hiking-au-mont-fuji-japon\/"},"modified":"2025-12-27T10:53:49","modified_gmt":"2025-12-27T09:53:49","slug":"3776d-trail-et-hiking-au-mont-fuji-japon","status":"publish","type":"page","link":"https:\/\/3776d.com\/en\/","title":{"rendered":"3776D | OCR LAB &#038; Mt. Fuji French Guide"},"content":{"rendered":"<div id=\"pl-1646\"  class=\"panel-layout\" ><div id=\"pg-1646-0\"  class=\"panel-grid panel-no-style\" ><div id=\"pgc-1646-0-0\"  class=\"panel-grid-cell\" ><div id=\"panel-1646-0-0-0\" class=\"so-panel widget widget_sow-editor panel-first-child\" data-index=\"0\" ><div\n\t\t\t\n\t\t\tclass=\"so-widget-sow-editor so-widget-sow-editor-base\"\n\t\t\t\n\t\t>\n<div class=\"siteorigin-widget-tinymce textwidget\">\n\t<h2 style=\"text-align: center;\"><span class=\"T286Pc\" style=\"color: #999999;\" data-sfc-cp=\"\" data-complete=\"true\"><strong class=\"Yjhzub\" data-complete=\"true\">OCR LAB 3776D : Spartan races ready<\/strong><\/span><\/h2>\n<h4 style=\"text-align: center;\"><span style=\"color: #999999;\">.<\/span><\/h4>\n<h2 style=\"text-align: center;\"><span class=\"T286Pc\" style=\"color: #999999;\" data-sfc-cp=\"\" data-complete=\"true\"><strong class=\"Yjhzub\" data-complete=\"true\">Mount Fuji French Guide : Hiking, Trail and Climb<\/strong><\/span><\/h2>\n<h4 style=\"text-align: center;\"><span style=\"color: #999999;\">.<\/span><\/h4>\n<h2 style=\"text-align: center;\"><span class=\"T286Pc\" style=\"color: #999999;\" data-sfc-cp=\"\" data-complete=\"true\"><strong class=\"Yjhzub\" data-complete=\"true\">Base Camp &amp; Lodge : Stay at Mt. Fuji<\/strong><\/span><\/h2>\n<h4 style=\"text-align: center;\"><span style=\"color: #999999;\">.<\/span><\/h4>\n<h4 style=\"text-align: left;\">Here<span style=\"color: #2e3b4e; font-weight: 300;\"> comes a new type of travel.<br \/>\nA mix between sport and tourism, 3776D offers you trail running and hiking session around mount fuji.<br \/>\nA turnkey solution for a freely adventure, one day, one course, full of sensations.<br \/>\nNo hesitation, come and meet us, we take you.<\/span><\/h4>\n<\/div>\n<\/div><\/div><div id=\"panel-1646-0-0-1\" class=\"so-panel widget widget_pw_special_title widget-special-title panel-last-child\" data-index=\"1\" >\t\t\t<h2 class=\"special-title\">\n\t\t\t\tActivities\t\t\t<\/h2>\n\t\t<\/div><\/div><\/div><div id=\"pg-1646-1\"  class=\"panel-grid panel-has-style\" ><div class=\"siteorigin-panels-stretch panel-row-style panel-row-style-for-1646-1\" data-stretch-type=\"full\" ><div id=\"pgc-1646-1-0\"  class=\"panel-grid-cell\" ><div id=\"panel-1646-1-0-0\" class=\"widget_text so-panel widget widget_custom_html panel-first-child\" data-index=\"2\" ><div class=\"widget_text featured-widget panel-widget-style panel-widget-style-for-1646-1-0-0\" ><div class=\"textwidget custom-html-widget\"><div id=\"panel-2-2-2-0-0\" class=\"so-panel widget widget_pw_featured_page widget-featured-page panel-first-child panel-last-child\" data-index=\"3\">\n\t<div class=\"page-box  page-box--block\">\n\t\t\t\t\t\t<a class=\"page-box__picture\" href=\"https:\/\/3776d.com\/activite\/trail-running-hiking-session\/\">\n\t\t\t\t\t<img decoding=\"async\" src=\"https:\/\/3776d.com\/wp-content\/uploads\/2019\/02\/trail-running-1b.jpg\" class=\"wp-post-image\" alt=\"Trail Running &amp; Hiking Session\">\n\t\t\t\t\t\t\t\t\t<\/a>\n\t\t\t\t\t\t\t\t<div class=\"page-box__content\">\n\t\t\t<h2 class=\"page-box__title\"><a href=\"https:\/\/3776d.com\/activite\/trail-running-hiking-session\/\">Trail Running &amp; Hiking<\/a><\/h2>\n\t\t\t<p class=\"page-box__text\">Exploration and contemplation.<\/p>\n\t\t\t\t\t<\/div>\n\t<\/div>\n\n<\/div><\/div><\/div><\/div><div id=\"panel-1646-1-0-1\" class=\"widget_text so-panel widget widget_custom_html panel-last-child\" data-index=\"3\" ><div class=\"widget_text featured-widget panel-widget-style panel-widget-style-for-1646-1-0-1\" ><div class=\"textwidget custom-html-widget\"><div id=\"panel-2-2-1-0-0\" class=\"so-panel widget widget_pw_featured_page widget-featured-page panel-first-child panel-last-child\" data-index=\"1\">\n\t<div class=\"page-box  page-box--block\">\n\t\t\t\t\t\t<a class=\"page-box__picture\" href=\"https:\/\/3776d.com\/en\/activite\/trail-courses\/\/\">\n\t\t\t\t<img decoding=\"async\" src=\"https:\/\/3776d.com\/wp-content\/uploads\/2024\/02\/Parcours-trail-site-web.png\" class=\"wp-post-image\" alt=\"Trail running camp\"><\/a>\n\t\t\t\t\t\t\t\t<div class=\"page-box__content\">\n\t\t\t<h2 class=\"page-box__title\"><a href=\"https:\/\/3776d.com\/en\/activite\/trail-courses\/\">Trail courses<\/a><\/h2>\n\t\t\t<p class=\"page-box__text\">Don't get lost<\/p>\n\t\t\t\t\t<\/div>\n\t<\/div>\n\n<\/div><\/div><\/div><\/div><\/div><div id=\"pgc-1646-1-1\"  class=\"panel-grid-cell\" ><div id=\"panel-1646-1-1-0\" class=\"widget_text so-panel widget widget_custom_html panel-first-child\" data-index=\"4\" ><div class=\"widget_text featured-widget panel-widget-style panel-widget-style-for-1646-1-1-0\" ><div class=\"textwidget custom-html-widget\"><div id=\"panel-2-2-1-1-0\" class=\"so-panel widget widget_pw_featured_page widget-featured-page panel-first-child panel-last-child\" data-index=\"1\"><div class=\"panel-widget-style panel-widget-style-for-2-2-1-0\">\n\t<div class=\"page-box  page-box--block\">\n\t\t\t\t\t\t<a class=\"page-box__picture\" href=\"https:\/\/3776d.com\/activite\/ascension-du-mont-fuji\/\">\n\t\t\t\t<img decoding=\"async\" src=\"https:\/\/3776d.com\/wp-content\/uploads\/2021\/07\/Ascension-Mt-Fuji-2.jpeg\" class=\"wp-post-image\" alt=\"Ascent of Mount Fuji\">\n\t\t\t\t\t\t\t\t\t<\/a>\n\t\t\t\t\t\t\t\t<div class=\"page-box__content\">\n\t\t\t<h2 class=\"page-box__title\"><a href=\"https:\/\/3776d.com\/activite\/ascension-du-mont-fuji\/\">Ascent of Mount Fuji<\/a><\/h2>\n\t\t\t<p class=\"page-box__text\">Are you ready?<\/p>\n\t\t\t\t\t<\/div>\n\t<\/div>\n\n<\/div><\/div><\/div><\/div><\/div><div id=\"panel-1646-1-1-1\" class=\"widget_text so-panel widget widget_custom_html panel-last-child\" data-index=\"5\" ><div class=\"widget_text featured-widget panel-widget-style panel-widget-style-for-1646-1-1-1\" ><div class=\"textwidget custom-html-widget\"><div id=\"panel-2-2-1-1-0\" class=\"so-panel widget widget_pw_featured_page widget-featured-page panel-first-child panel-last-child\" data-index=\"1\"><div class=\"panel-widget-style panel-widget-style-for-2-2-1-0\">\n\t<div class=\"page-box  page-box--block\">\n\t\t\t\t\t\t<a class=\"page-box__picture\" href=\"https:\/\/3776d.com\/en\/la-station\/\">\n\t\t\t\t<img decoding=\"async\" src=\"https:\/\/3776d.com\/wp-content\/uploads\/2024\/02\/IMG_9344.jpg\" class=\"wp-post-image\" alt=\"Accommodation\">\n\t\t\t\t\t\t\t\t\t<\/a>\n\t\t\t\t\t\t\t\t<div class=\"page-box__content\">\n\t\t\t<h2 class=\"page-box__title\"><a href=\"https:\/\/3776d.com\/en\/la-station\/\">The lodge<\/a><\/h2>\n\t\t\t<p class=\"page-box__text\">Cozy and Funny<\/p>\n\t\t\t\t\t<\/div>\n\t<\/div>\n\n<\/div><\/div><\/div><\/div><\/div><\/div><div id=\"pgc-1646-1-2\"  class=\"panel-grid-cell\" ><div id=\"panel-1646-1-2-0\" class=\"widget_text so-panel widget widget_custom_html panel-first-child\" data-index=\"6\" ><div class=\"widget_text featured-widget panel-widget-style panel-widget-style-for-1646-1-2-0\" ><div class=\"textwidget custom-html-widget\"><div id=\"panel-2-2-1-0-0\" class=\"so-panel widget widget_pw_featured_page widget-featured-page panel-first-child panel-last-child\" data-index=\"1\"><div class=\"panel-widget-style panel-widget-style-for-2-2-1-0\">\n\t<div class=\"page-box  page-box--block\">\n\t\t\t\t\t\t<a class=\"page-box__picture\" href=\"https:\/\/3776d.com\/en\/activite\/training-camp\/\">\n\t\t\t\t\t<img decoding=\"async\" src=\"https:\/\/3776d.com\/wp-content\/uploads\/2022\/07\/IMG_8526-scaled.jpeg\"  class=\"wp-post-image\" alt=\"Training Camp\">\n\t\t\t\t\t\t\t\t\t<\/a>\n\t\t\t\t\t\t\t\t<div class=\"page-box__content\">\n\t\t\t<h2 class=\"page-box__title\"><a href=\"https:\/\/3776d.com\/activite\/training-camp\/\">OCR Lab & Base camp<\/a><\/h2>\n\t\t\t<p class=\"page-box__text\">Test, Train & Conquer<\/p>\n\t\t\t\t\t<\/div>\n\t<\/div>\n\n<\/div><\/div><\/div><\/div><\/div><div id=\"panel-1646-1-2-1\" class=\"widget_text so-panel widget widget_custom_html panel-last-child\" data-index=\"7\" ><div class=\"widget_text featured-widget panel-widget-style panel-widget-style-for-1646-1-2-1\" ><div class=\"textwidget custom-html-widget\"><div id=\"panel-2-2-1-0-0\" class=\"so-panel widget widget_pw_featured_page widget-featured-page panel-first-child panel-last-child\" data-index=\"1\"><div class=\"panel-widget-style panel-widget-style-for-2-2-1-0\">\n\t<div class=\"page-box  page-box--block\">\n\t\t\t\t\t\t<a class=\"page-box__picture\" href=\"\">\n\t\t\t\t\t<img decoding=\"async\" src=\"https:\/\/3776d.com\/wp-content\/uploads\/2024\/02\/Etendard-V4-logo-site-web-x2.png\"  class=\"wp-post-image\" alt=\"\">\n\t\t\t\t\t\t\t\t\t<\/a>\n\t\t\t\t\t\t\t\t<div class=\"page-box__content\">\n\t\t\t<h2 class=\"page-box__title\"><a href=\"https:\/\/3776d.com\/activite\/training-camp\/\">Coming soon<\/a><\/h2>\n\t\t\t<p class=\"page-box__text\">Stay tuned<\/p>\n\t\t\t\t\t<\/div>\n\t<\/div>\n\n<\/div><\/div><\/div><\/div><\/div><\/div><\/div><\/div><div id=\"pg-1646-2\"  class=\"panel-grid panel-no-style\" ><div id=\"pgc-1646-2-0\"  class=\"panel-grid-cell\" ><div id=\"panel-1646-2-0-0\" class=\"so-panel widget widget_pw_special_title widget-special-title panel-first-child panel-last-child\" data-index=\"8\" >\t\t\t<h2 class=\"special-title\">\n\t\t\t\tLatest news\t\t\t<\/h2>\n\t\t<\/div><\/div><\/div><div id=\"pg-1646-3\"  class=\"panel-grid panel-no-style\" ><div id=\"pgc-1646-3-0\"  class=\"panel-grid-cell\" ><div id=\"panel-1646-3-0-0\" class=\"so-panel widget widget_pw_latest_posts widget-latest-posts panel-first-child panel-last-child\" data-index=\"9\" >\t\t\t\t\t\t<div class=\"latest-posts\">\n\t\t\t\t\t\t\t\t\t<a class=\"latest-posts__item\" href=\"https:\/\/3776d.com\/en\/ocr-en\/planning-du-mois-davril-3\/\" style=\"background-image: url(https:\/\/3776d.com\/wp-content\/uploads\/2026\/03\/Avril-2026-copie-1-1024x617.png)\">\n\t\t\t\t\t\t<div class=\"latest-posts__date-container\">\n\t\t\t\t\t\t\t<div class=\"latest-posts__date\">\n\t\t\t\t\t\t\t\tMarch 23\t\t\t\t\t\t\t<\/div>\n\t\t\t\t\t\t<\/div>\n\t\t\t\t\t\t<div class=\"latest-posts__content\">\n\t\t\t\t\t\t\t<h3 class=\"h3  latest-posts__title\">April schedule<\/h3>\n\t\t\t\t\t\t\t\t\t\t\t\t\t\t\t<p class=\"latest-posts__text\">\n\t\t\t\t\t\t\t\t\tOCR Lab &amp; Base Camp \u2013 Opening days in April 2026 (10 &hellip;\t\t\t\t\t\t\t\t<\/p>\n\t\t\t\t\t\t\t\t\t\t\t\t\t<\/div>\n\t\t\t\t\t<\/a>\n\t\t\t\t\t\t\t\t\t<a class=\"latest-posts__item\" href=\"https:\/\/3776d.com\/en\/blog-en\/ascension-du-mont-fuji-voie-yoshida-reglementation-2026\/\" style=\"background-image: url(https:\/\/3776d.com\/wp-content\/uploads\/2026\/03\/mt_fuji_regulation_yoshida2-2-724x1024.png)\">\n\t\t\t\t\t\t<div class=\"latest-posts__date-container\">\n\t\t\t\t\t\t\t<div class=\"latest-posts__date\">\n\t\t\t\t\t\t\t\tMarch 12\t\t\t\t\t\t\t<\/div>\n\t\t\t\t\t\t<\/div>\n\t\t\t\t\t\t<div class=\"latest-posts__content\">\n\t\t\t\t\t\t\t<h3 class=\"h3  latest-posts__title\">Mount Fuji Yoshida Trail &#8211; 2026 regulation<\/h3>\n\t\t\t\t\t\t\t\t\t\t\t\t\t\t\t<p class=\"latest-posts__text\">\n\t\t\t\t\t\t\t\t\tHere we are, Yamanashi prefecture has just published 2026 regulation for Yoshida &hellip;\t\t\t\t\t\t\t\t<\/p>\n\t\t\t\t\t\t\t\t\t\t\t\t\t<\/div>\n\t\t\t\t\t<\/a>\n\t\t\t\t\t\t\t\t\t<a class=\"latest-posts__item\" href=\"https:\/\/3776d.com\/en\/uncategorized\/planning-du-mois-de-mars-3\/\" style=\"background-image: url(https:\/\/3776d.com\/wp-content\/uploads\/2026\/03\/Mars-2026-copie-1024x621.png)\">\n\t\t\t\t\t\t<div class=\"latest-posts__date-container\">\n\t\t\t\t\t\t\t<div class=\"latest-posts__date\">\n\t\t\t\t\t\t\t\tMarch 5\t\t\t\t\t\t\t<\/div>\n\t\t\t\t\t\t<\/div>\n\t\t\t\t\t\t<div class=\"latest-posts__content\">\n\t\t\t\t\t\t\t<h3 class=\"h3  latest-posts__title\">March schedule<\/h3>\n\t\t\t\t\t\t\t\t\t\t\t\t\t\t\t<p class=\"latest-posts__text\">\n\t\t\t\t\t\t\t\t\tWe\u2019re back! Can\u2019t wait to see you and share what\u2019s coming this &hellip;\t\t\t\t\t\t\t\t<\/p>\n\t\t\t\t\t\t\t\t\t\t\t\t\t<\/div>\n\t\t\t\t\t<\/a>\n\t\t\t\t\t\t\t\t\t<a class=\"latest-posts__item  latest-posts__item--more-news\" href=\"https:\/\/3776d.com\/en\/blog\/\">\n\t\t\t\t\t\t<div class=\"h3  latest-posts__more-news\">More News <i class=\"fa fa-long-arrow-right\" aria-hidden=\"true\"><\/i><\/div>\n\t\t\t\t\t<\/a>\n\t\t\t\t\t\t\t\t\t<a class=\"latest-posts__item\" href=\"https:\/\/3776d.com\/en\/blog\/tough-mudder-infinity-2026-vic-melbourne\/\" style=\"background-image: url(https:\/\/3776d.com\/wp-content\/uploads\/2026\/02\/IMG_9420-1024x683.jpg)\">\n\t\t\t\t\t\t<div class=\"latest-posts__date-container\">\n\t\t\t\t\t\t\t<div class=\"latest-posts__date\">\n\t\t\t\t\t\t\t\tFebruary 7\t\t\t\t\t\t\t<\/div>\n\t\t\t\t\t\t<\/div>\n\t\t\t\t\t\t<div class=\"latest-posts__content\">\n\t\t\t\t\t\t\t<h3 class=\"h3  latest-posts__title\">Tough Mudder Infinity 2026 &#8211; VIC Melbourne<\/h3>\n\t\t\t\t\t\t\t\t\t\t\t\t\t<\/div>\n\t\t\t\t\t<\/a>\n\t\t\t\t\t\t\t<\/div>\n\t\t\t\t\t<\/div><\/div><\/div><div id=\"pg-1646-4\"  class=\"panel-grid panel-no-style\" ><div id=\"pgc-1646-4-0\"  class=\"panel-grid-cell\" ><div id=\"panel-1646-4-0-0\" class=\"so-panel widget widget_pw_special_title widget-special-title panel-first-child panel-last-child\" data-index=\"10\" >\t\t\t<h2 class=\"special-title\">\n\t\t\t\tTestimonials\t\t\t<\/h2>\n\t\t<\/div><\/div><\/div><div id=\"pg-1646-5\"  class=\"panel-grid panel-has-style\" ><div class=\"siteorigin-panels-stretch panel-row-style panel-row-style-for-1646-5\" data-stretch-type=\"full-width-stretch\" ><div id=\"pgc-1646-5-0\"  class=\"panel-grid-cell\" ><div id=\"panel-1646-5-0-0\" class=\"so-panel widget widget_pw_testimonials widget-testimonials panel-first-child panel-last-child\" data-index=\"11\" >\n\t<div class=\"testimonials__container\">\n\n\t<h3 class=\"widget-title\"><span class=\"widget-title__inline\">Testimonials<\/span><\/h3>\n\t\t<div id=\"carousel-testimonials-widget-5-0-0\" class=\"carousel  slide  testimonials\" data-ride=\"carousel\" data-interval=\"false\">\n\t\t\t<!-- Wrapper for slides -->\n\t\t\t<div class=\"carousel-inner\" role=\"listbox\">\n\t\t\t\t<div class=\"carousel-item active\">\n\t\t\t\t\t<div class=\"row\">\n\t\t\t\t\t\t\t\t\t\t\t\t\t<div class=\"col-12  col-md-4\">\n\t\t\t\t\t\t\t\t<div class=\"testimonial\">\n\t\t\t\t\t\t\t\t\t<blockquote class=\"testimonial__quote\">\n\t\t\t\t\t\t\t\t\t\tI had the chance to visit J\u00e9rome\u2019s lodge first hand!! The place is amazing: that wooden cottage is warm and beautiful and authentic!\nAnd you have that huge window letting you discover the Mount Fuji\u2026 it gives you an overview of what's waiting for you.<br \/>\n<a href=\"https:\/\/3776d.com\/temoignages\/#mickael\" target=\"_self\">Lire la suite<\/a>\t\t\t\t\t\t\t\t\t<\/blockquote>\n\t\t\t\t\t\t\t\t\t<!-- Author Name -->\n\t\t\t\t\t\t\t\t\t<cite class=\"h6  testimonial__author\">\n\t\t\t\t\t\t\t\t\t\tMickael C.\t\t\t\t\t\t\t\t\t<\/cite>\n\t\t\t\t\t\t\t\t\t<!-- Author Description -->\n\t\t\t\t\t\t\t\t\t\t\t\t\t\t\t\t\t\t\t<div class=\"testimonial__author-description\">\n\t\t\t\t\t\t\t\t\t\t\tMali\t\t\t\t\t\t\t\t\t\t<\/div>\n\t\t\t\t\t\t\t\t\t\t\t\t\t\t\t\t\t\t<!-- Ratings -->\n\t\t\t\t\t\t\t\t\t\t\t\t\t\t\t\t\t<\/div>\n\t\t\t\t\t\t\t<\/div>\n\t\t\t\t\t\t\t\t\t\t\t\t\t<div class=\"col-12  col-md-4\">\n\t\t\t\t\t\t\t\t<div class=\"testimonial\">\n\t\t\t\t\t\t\t\t\t<blockquote class=\"testimonial__quote\">\n\t\t\t\t\t\t\t\t\t\t\"A peine arriv\u00e9e \u00e0 Tokyo et le voil\u00e0 dans le train pour rejoindre Jer\u00f4me \u00e0 Yamanakako. Mon guide m\u2019attend \u00e0 la gare et on se dirige vers son chalet situ\u00e9 non loin du lac Yamanakaka. Le chalet ,tout en bois, est de tout confort. \nApr\u00e8s une courte nuit et un bon <br \/>\n<a href=\"https:\/\/3776d.com\/temoignages\/#patricia\" target=\"_self\">Lire la suite<\/a>\t\t\t\t\t\t\t\t\t<\/blockquote>\n\t\t\t\t\t\t\t\t\t<!-- Author Name -->\n\t\t\t\t\t\t\t\t\t<cite class=\"h6  testimonial__author\">\n\t\t\t\t\t\t\t\t\t\tPatricia B.\t\t\t\t\t\t\t\t\t<\/cite>\n\t\t\t\t\t\t\t\t\t<!-- Author Description -->\n\t\t\t\t\t\t\t\t\t\t\t\t\t\t\t\t\t\t\t<div class=\"testimonial__author-description\">\n\t\t\t\t\t\t\t\t\t\t\tFrance\t\t\t\t\t\t\t\t\t\t<\/div>\n\t\t\t\t\t\t\t\t\t\t\t\t\t\t\t\t\t\t<!-- Ratings -->\n\t\t\t\t\t\t\t\t\t\t\t\t\t\t\t\t\t<\/div>\n\t\t\t\t\t\t\t<\/div>\n\t\t\t\t\t\t\t\t\t\t\t\t\t<div class=\"col-12  col-md-4\">\n\t\t\t\t\t\t\t\t<div class=\"testimonial\">\n\t\t\t\t\t\t\t\t\t<blockquote class=\"testimonial__quote\">\n\t\t\t\t\t\t\t\t\t\tNous avons eu au cours d\u2019un s\u00e9jour touristique au Japon fin octobre debut Novembre 2017, l\u2019occasion exceptionnelle de gravir le Mont Fuji le premier Novembre.\nNous sommes partis de la 5e station (2200m) et avons atteint le crat\u00e8re et le sommet en 3 heures (3780m).<br \/>\n<a href=\"https:\/\/3776d.com\/temoignages\/#marie\" target=\"_self\">Lire la suite<\/a>\t\t\t\t\t\t\t\t\t<\/blockquote>\n\t\t\t\t\t\t\t\t\t<!-- Author Name -->\n\t\t\t\t\t\t\t\t\t<cite class=\"h6  testimonial__author\">\n\t\t\t\t\t\t\t\t\t\tMarie B.\t\t\t\t\t\t\t\t\t<\/cite>\n\t\t\t\t\t\t\t\t\t<!-- Author Description -->\n\t\t\t\t\t\t\t\t\t\t\t\t\t\t\t\t\t\t\t<div class=\"testimonial__author-description\">\n\t\t\t\t\t\t\t\t\t\t\tFrance\t\t\t\t\t\t\t\t\t\t<\/div>\n\t\t\t\t\t\t\t\t\t\t\t\t\t\t\t\t\t\t<!-- Ratings -->\n\t\t\t\t\t\t\t\t\t\t\t\t\t\t\t\t\t<\/div>\n\t\t\t\t\t\t\t<\/div>\n\t\t\t\t\t\t\t\t\t\t\t<\/div>\n\t\t\t\t<\/div>\n\t\t\t<\/div>\n\t\t<\/div>\n\n\t\t<div class=\"testimonial__carousel-container\">\n\t\t\t\n\t\t\t\t\t<\/div>\n\n\t<\/div>\n\n<\/div><\/div><\/div><\/div><\/div>","protected":false},"excerpt":{"rendered":"<p>OCR LAB 3776D : Spartan races ready . Mount Fuji French Guide : Hiking, Trail and Climb . Base Camp &amp; Lodge : Stay at Mt. Fuji . Here comes a new type of travel. A mix between sport and tourism, 3776D offers you trail running and hiking session around mount fuji. A turnkey solution &hellip;<\/p>\n","protected":false},"author":1,"featured_media":0,"parent":0,"menu_order":0,"comment_status":"closed","ping_status":"open","template":"template-front-page-slider.php","meta":{"_acf_changed":false,"_monsterinsights_skip_tracking":false,"_monsterinsights_sitenote_active":false,"_monsterinsights_sitenote_note":"","_monsterinsights_sitenote_category":0,"footnotes":""},"class_list":{"0":"post-1646","1":"page","2":"type-page","3":"status-publish","5":"clearfix","6":"article"},"acf":[],"_links":{"self":[{"href":"https:\/\/3776d.com\/en\/wp-json\/wp\/v2\/pages\/1646","targetHints":{"allow":["GET"]}}],"collection":[{"href":"https:\/\/3776d.com\/en\/wp-json\/wp\/v2\/pages"}],"about":[{"href":"https:\/\/3776d.com\/en\/wp-json\/wp\/v2\/types\/page"}],"author":[{"embeddable":true,"href":"https:\/\/3776d.com\/en\/wp-json\/wp\/v2\/users\/1"}],"replies":[{"embeddable":true,"href":"https:\/\/3776d.com\/en\/wp-json\/wp\/v2\/comments?post=1646"}],"version-history":[{"count":39,"href":"https:\/\/3776d.com\/en\/wp-json\/wp\/v2\/pages\/1646\/revisions"}],"predecessor-version":[{"id":32705,"href":"https:\/\/3776d.com\/en\/wp-json\/wp\/v2\/pages\/1646\/revisions\/32705"}],"wp:attachment":[{"href":"https:\/\/3776d.com\/en\/wp-json\/wp\/v2\/media?parent=1646"}],"curies":[{"name":"wp","href":"https:\/\/api.w.org\/{rel}","templated":true}]}}