{"id":1734,"date":"2018-01-17T17:38:45","date_gmt":"2018-01-17T17:38:45","guid":{"rendered":"https:\/\/3776d.com\/temoignages\/"},"modified":"2021-07-01T07:32:15","modified_gmt":"2021-07-01T06:32:15","slug":"temoignages","status":"publish","type":"page","link":"https:\/\/3776d.com\/en\/temoignages\/","title":{"rendered":"Testimonials"},"content":{"rendered":"<div id=\"pl-1734\"  class=\"panel-layout\" ><div id=\"pg-1734-0\"  class=\"panel-grid panel-has-style\" ><div class=\"siteorigin-panels-stretch panel-row-style panel-row-style-for-1734-0\" data-stretch-type=\"full\" ><div id=\"pgc-1734-0-0\"  class=\"panel-grid-cell\" ><div id=\"panel-1734-0-0-0\" class=\"so-panel widget widget_sow-editor panel-first-child panel-last-child\" data-index=\"0\" ><div class=\"testimonial panel-widget-style panel-widget-style-for-1734-0-0-0\" id=\"mickael\" ><div\n\t\t\t\n\t\t\tclass=\"so-widget-sow-editor so-widget-sow-editor-base\"\n\t\t\t\n\t\t>\n<div class=\"siteorigin-widget-tinymce textwidget\">\n\t<h3 class=\"widget-title\" style=\"text-align: center;\"><span class=\"widget-title__inline\">Mickael C. - Mali<\/span><\/h3>\n<p>I had the chance to visit J\u00e9rome\u2019s lodge first hand!! The place is amazing: that wooden cottage is warm and beautiful and authentic! And you have that huge window letting you discover the Mount Fuji\u2026 It gives you an overview of what's waiting for you. The ascension to the Mount!<br \/> First of all J\u00e9rome is a great guide, he knows that mountain as if it were home, for having ran to the top several times and walked it much more! I did the ascension with him at night so we could catch the sunrise in the morning and it was breathtaking! If you want a wonderful experience of the Mount Fuji that place is the best choice!<\/p>\n<p><a href=\"https:\/\/3776d.com\/wp-content\/uploads\/2018\/01\/fujisan-20.jpg\"><img loading=\"lazy\" decoding=\"async\" class=\"aligncenter wp-image-949 size-thumbnail\" src=\"https:\/\/3776d.com\/wp-content\/uploads\/2018\/01\/fujisan-20-150x150.jpg\" alt=\"\" width=\"150\" height=\"150\" srcset=\"https:\/\/3776d.com\/wp-content\/uploads\/2018\/01\/fujisan-20-150x150.jpg 150w, https:\/\/3776d.com\/wp-content\/uploads\/2018\/01\/fujisan-20-300x300.jpg 300w, https:\/\/3776d.com\/wp-content\/uploads\/2018\/01\/fujisan-20-100x100.jpg 100w\" sizes=\"auto, (max-width: 150px) 100vw, 150px\" \/><\/a><\/p>\n<\/div>\n<\/div><\/div><\/div><\/div><\/div><\/div><div id=\"pg-1734-1\"  class=\"panel-grid panel-has-style\" ><div class=\"siteorigin-panels-stretch panel-row-style panel-row-style-for-1734-1\" id=\"patricia\" data-stretch-type=\"full\" ><div id=\"pgc-1734-1-0\"  class=\"panel-grid-cell\" ><div id=\"panel-1734-1-0-0\" class=\"so-panel widget widget_sow-editor panel-first-child panel-last-child\" data-index=\"1\" ><div class=\"testimonial panel-widget-style panel-widget-style-for-1734-1-0-0\" ><div\n\t\t\t\n\t\t\tclass=\"so-widget-sow-editor so-widget-sow-editor-base\"\n\t\t\t\n\t\t>\n<div class=\"siteorigin-widget-tinymce textwidget\">\n\t<h3><strong>Patricia B. France<\/strong><\/h3>\n<p>\"A peine arriv\u00e9e \u00e0 Tokyo et le voil\u00e0 dans le train pour rejoindre J\u00e9r\u00f4me \u00e0 Yamanakako. Mon guide m\u2019attend \u00e0 la gare et on se dirige vers son chalet situ\u00e9 non loin du lac Yamanakaka. Le chalet, tout en bois, est de tout confort.<br \/> Apr\u00e8s une courte nuit et un bon petit d\u00e9jeuner, nous voil\u00e0 partis pour la station 5 et le d\u00e9part de l\u2019ascension.<br \/> La mont\u00e9e est belle dans un paysage quasi lunaire. Les stations (ferm\u00e9es car nous sommes le 17 septembre) s\u2019\u00e9gr\u00e8nent le long du chemin. Nous faisons quelques rapides pauses et bient\u00f4t j\u2019aper\u00e7ois le dernier Torii signalant l\u2019arriv\u00e9e au sommet apr\u00e8s 3h de mont\u00e9e. Grandiose! Beaucoup d\u2019\u00e9motion! La temp\u00e9rature a chut\u00e9 mais nous faisons quand m\u00eame le tour du crat\u00e8re. La vue est magnifique malgr\u00e9 un ciel couvert.<br \/> Pause casse croute et il est temps d\u2019entreprendre la descente.<br \/> Une bonne douche, un bon repas et au lit avec des souvenirs pleins la t\u00eate.<br \/> Il y a un proverbe japonais qui dit \u00ab celui qui gravit le Mont Fuji une fois est un sage, celui qui le fait deux fois est un fou \u00bb. Alors je vais \u00eatre folle et j\u2019attends d\u00e9j\u00e0 la prochaine fois qui me permettra d\u2019assister au lever du soleil.<\/p>\n<p>Merci \u00e0 J\u00e9r\u00f4me qui a \u00e9t\u00e9 un guide extraordinaire et patient !\u00a0\u00bb\u00a0<a href=\"https:\/\/3776d.com\/wp-content\/uploads\/2018\/02\/patricia-b.jpg\"><img loading=\"lazy\" decoding=\"async\" class=\"aligncenter wp-image-1356 size-thumbnail\" src=\"https:\/\/3776d.com\/wp-content\/uploads\/2018\/02\/patricia-b-150x150.jpg\" alt=\"Temoignages - 3776d - Fuji Outdoor Sports\" width=\"150\" height=\"150\" srcset=\"https:\/\/3776d.com\/wp-content\/uploads\/2018\/02\/patricia-b-150x150.jpg 150w, https:\/\/3776d.com\/wp-content\/uploads\/2018\/02\/patricia-b-300x300.jpg 300w, https:\/\/3776d.com\/wp-content\/uploads\/2018\/02\/patricia-b-100x100.jpg 100w\" sizes=\"auto, (max-width: 150px) 100vw, 150px\" \/><\/a><\/p>\n<\/div>\n<\/div><\/div><\/div><\/div><\/div><\/div><div id=\"pg-1734-2\"  class=\"panel-grid panel-has-style\" ><div class=\"siteorigin-panels-stretch panel-row-style panel-row-style-for-1734-2\" id=\"marie\" data-stretch-type=\"full\" ><div id=\"pgc-1734-2-0\"  class=\"panel-grid-cell\" ><div id=\"panel-1734-2-0-0\" class=\"so-panel widget widget_sow-editor panel-first-child panel-last-child\" data-index=\"2\" ><div class=\"testimonial panel-widget-style panel-widget-style-for-1734-2-0-0\" id=\"marieb\" ><div\n\t\t\t\n\t\t\tclass=\"so-widget-sow-editor so-widget-sow-editor-base\"\n\t\t\t\n\t\t>\n<div class=\"siteorigin-widget-tinymce textwidget\">\n\t<h3 class=\"widget-title\" style=\"text-align: center;\"><span class=\"widget-title__inline\">Marie B. - France<\/span><\/h3>\n<p>Nous avons eu au cours d\u2019un s\u00e9jour touristique au Japon fin octobre d\u00e9but Novembre 2017, l\u2019occasion exceptionnelle de gravir le Mont Fuji le premier Novembre. Nous sommes partis de la 5e station (2200m) et avons atteint le crat\u00e8re et le sommet en 3 heures (3780m). Nous \u00e9tions 4: notre guide J\u00e9r\u00f4me Lastapis qui s\u2019est montr\u00e9 tr\u00e8s professionnel sympathique et pr\u00e9venant, moi-m\u00eame une femme de 62 ans, mon fils Pierre 33 ans et mon fr\u00e8re Pascal accompagnateur en montagne 51 ans, tous sportifs.Nous \u00e9tions seuls et le soleil brillait de tous ses feux mais il faisait froid et le vent soufflait fort en haut. L\u2019ascension ne pr\u00e9sente pas de difficult\u00e9s techniques mais la pente est raide et l\u2019altitude rend l\u2019effort plus ardu. Nous en gardons un souvenir extraordinaire et remercions J\u00e9r\u00f4me sans lequel nous n\u2019aurions jamais pu gravir ce sommet mythique!<\/p>\n<p><a href=\"https:\/\/3776d.com\/wp-content\/uploads\/2018\/01\/fujisan-5.jpg\"><img loading=\"lazy\" decoding=\"async\" class=\"aligncenter wp-image-515 size-thumbnail\" src=\"https:\/\/3776d.com\/wp-content\/uploads\/2018\/01\/fujisan-5-150x150.jpg\" alt=\"fujisan-5\" width=\"150\" height=\"150\" srcset=\"https:\/\/3776d.com\/wp-content\/uploads\/2018\/01\/fujisan-5-150x150.jpg 150w, https:\/\/3776d.com\/wp-content\/uploads\/2018\/01\/fujisan-5-300x300.jpg 300w, https:\/\/3776d.com\/wp-content\/uploads\/2018\/01\/fujisan-5-100x100.jpg 100w\" sizes=\"auto, (max-width: 150px) 100vw, 150px\" \/><\/a><\/p>\n<\/div>\n<\/div><\/div><\/div><\/div><\/div><\/div><\/div>","protected":false},"excerpt":{"rendered":"<p>Mickael C. &#8211; Mali I had the chance to visit J\u00e9rome\u2019s lodge first hand!! The place is amazing: that wooden cottage is warm and beautiful and authentic! And you have that huge window letting you discover the Mount Fuji\u2026 It gives you an overview of what&#8217;s waiting for you. The ascension to the Mount! First &hellip;<\/p>\n","protected":false},"author":1,"featured_media":0,"parent":0,"menu_order":0,"comment_status":"closed","ping_status":"closed","template":"","meta":{"_acf_changed":false,"_monsterinsights_skip_tracking":false,"_monsterinsights_sitenote_active":false,"_monsterinsights_sitenote_note":"","_monsterinsights_sitenote_category":0,"footnotes":""},"class_list":{"0":"post-1734","1":"page","2":"type-page","3":"status-publish","5":"clearfix","6":"article"},"acf":[],"_links":{"self":[{"href":"https:\/\/3776d.com\/en\/wp-json\/wp\/v2\/pages\/1734","targetHints":{"allow":["GET"]}}],"collection":[{"href":"https:\/\/3776d.com\/en\/wp-json\/wp\/v2\/pages"}],"about":[{"href":"https:\/\/3776d.com\/en\/wp-json\/wp\/v2\/types\/page"}],"author":[{"embeddable":true,"href":"https:\/\/3776d.com\/en\/wp-json\/wp\/v2\/users\/1"}],"replies":[{"embeddable":true,"href":"https:\/\/3776d.com\/en\/wp-json\/wp\/v2\/comments?post=1734"}],"version-history":[{"count":0,"href":"https:\/\/3776d.com\/en\/wp-json\/wp\/v2\/pages\/1734\/revisions"}],"wp:attachment":[{"href":"https:\/\/3776d.com\/en\/wp-json\/wp\/v2\/media?parent=1734"}],"curies":[{"name":"wp","href":"https:\/\/api.w.org\/{rel}","templated":true}]}}