{"id":10824,"date":"2021-07-05T12:03:03","date_gmt":"2021-07-05T11:03:03","guid":{"rendered":"https:\/\/3776d.com\/%e3%82%a4%e3%83%99%e3%83%b3%e3%83%88\/"},"modified":"2021-07-05T12:03:07","modified_gmt":"2021-07-05T11:03:07","slug":"%e3%82%a4%e3%83%99%e3%83%b3%e3%83%88","status":"publish","type":"page","link":"https:\/\/3776d.com\/ja\/%e3%82%a4%e3%83%99%e3%83%b3%e3%83%88\/","title":{"rendered":"\u30a4\u30d9\u30f3\u30c8"},"content":{"rendered":"<div id=\"pl-25\"  class=\"panel-layout\" >\n<div id=\"pg-25-0\"  class=\"panel-grid panel-no-style\"  data-style=\"{&quot;background_display&quot;:&quot;tile&quot;,&quot;cell_alignment&quot;:&quot;flex-start&quot;}\"  data-ratio=\"1\"  data-ratio-direction=\"right\" >\n<div id=\"pgc-25-0-0\"  class=\"panel-grid-cell\"  data-weight=\"1\" >\n<div id=\"panel-25-0-0-0\" class=\"so-panel widget widget_sow-editor panel-first-child panel-last-child\" data-index=\"0\" data-style=\"{&quot;background_display&quot;:&quot;tile&quot;,&quot;featured_widgets&quot;:&quot;&quot;}\" >\n<div class=\"so-widget-sow-editor so-widget-sow-editor-base\">\n<div class=\"siteorigin-widget-tinymce textwidget\">\n\tAccessibles depuis la station, l\u2019Outdoor c\u2019est aussi:<\/p>\n<p> <strong>Toute l\u2019ann\u00e9e:<\/strong> des Emotions et Sensations avec:<\/p>\n<ul>\n<li><a href=\"https:\/\/www.fujiq.jp\/en\/\">Fuji Q Highland<\/a>, le parc d\u2019attraction ultime face au mont Fuji.<\/li>\n<li><a href=\"http:\/\/www.fujisafari.co.jp\/english\/\">Fuji Safari Park<\/a>, un zoo pour petits et grands.<\/li>\n<li><a href=\"http:\/\/www.kodomo.or.jp\">Kodomo no Kuni<\/a>, le royaume des enfants en pleine nature sous l\u2019oeil protecteur de Fujisan.<\/li>\n<li><a href=\"http:\/\/www.grinpa.com\/en\/\">Grinpa<\/a>, un parc d\u2019amusement pour les petits au pied du Fuji, avec des activit\u00e9s selon la saison.<\/li>\n<li><a href=\"https:\/\/www.subaruland.jp\/en\/\">SubaruLand<\/a>, un parc d\u2019amusement pour l\u2019\u00e9veil des plus jeunes.<\/li>\n<li><a href=\"http:\/\/www.mtfuji-cave.com\/en\/\">Wind cave &amp; Ice cave<\/a>, petite excursion pour d\u00e9couvrir des curiosit\u00e9s de la nature.<\/li>\n<li><a href=\"http:\/\/www.benifuji.co.jp\">Beni Fuji<\/a> et <a href=\"http:\/\/www.ishiwarinoyu.jp\">Ishiwarinoyu<\/a>, les 2 Onsens de Yamanakako pour se d\u00e9tendre en fin de journ\u00e9e. Attention tatouages interdits.<\/li>\n<\/ul>\n<\/div>\n<\/div>\n<\/div>\n<\/div>\n<\/div>\n<div id=\"pg-25-1\"  class=\"panel-grid panel-no-style\"  data-style=\"{&quot;background_display&quot;:&quot;tile&quot;,&quot;cell_alignment&quot;:&quot;flex-start&quot;}\"  data-ratio=\"1\"  data-ratio-direction=\"right\" >\n<div id=\"pgc-25-1-0\"  class=\"panel-grid-cell\"  data-weight=\"1\" >\n<div id=\"panel-25-1-0-0\" class=\"so-panel widget widget_sow-editor panel-first-child panel-last-child\" data-index=\"1\" data-style=\"{&quot;background_display&quot;:&quot;tile&quot;,&quot;featured_widgets&quot;:&quot;&quot;}\" >\n<div class=\"so-widget-sow-editor so-widget-sow-editor-base\">\n<div class=\"siteorigin-widget-tinymce textwidget\">\n\t<strong>Du printemps \u00e0 l\u2019automne:<\/strong> du Fun et de l\u2019Action:<\/p>\n<ul>\n<li><a href=\"http:\/\/fa-fuji.foret-aventure.jp\/eng\/\">Forest Adventure<\/a>, un parcours accro-branches qui ravira les jeunes et leurs parents. Le premier du genre a avoir ouvert au Japon. (de Avril \u00e0 Novembre)<\/li>\n<li><a href=\"http:\/\/www.fff3.jp\">FFF3<\/a> ou Fuji Forest Force, un terrain d\u2019Airsoft en plein air, 2 ambiances (jungle &amp; mud) pour des parties endiabl\u00e9es. (de Mai \u00e0 Octobre)<\/li>\n<\/ul>\n<p><strong>Tous les sports nautiques<\/strong> autour du lac avec:<\/p>\n<ul>\n<li><a href=\"http:\/\/www.maruichi-airstream.com\">Airstream<\/a><\/li>\n<li><a href=\"http:\/\/y-yachtharbor.com\/%E3%83%9E%E3%83%AA%E3%83%B3%E3%82%B9%E3%83%9D%E3%83%BC%E3%83%84\/\">Yacht Harbor<\/a><\/li>\n<li><a href=\"http:\/\/yamanakako.info\/sisetsu.php?id=119\">Sansui<\/a><\/li>\n<li><a href=\"http:\/\/katsuraya-boat.jp\">Katsuraya<\/a><\/li>\n<li><a href=\"http:\/\/www.wake-yamanakako.com\">Gakuroku marine<\/a><\/li>\n<li><a href=\"http:\/\/www.watercrab.com\">Water crab<\/a><\/li>\n<li><a href=\"http:\/\/www8.plala.or.jp\/hakutaka-marine\/\">Hakutaka marine<\/a><\/li>\n<\/ul>\n<p>Date d\u2019ouverture variable, \u00e0 v\u00e9rifier.<\/p>\n<\/div>\n<\/div>\n<\/div>\n<\/div>\n<\/div>\n<div id=\"pg-25-2\"  class=\"panel-grid panel-no-style\"  data-style=\"{&quot;background_display&quot;:&quot;tile&quot;,&quot;cell_alignment&quot;:&quot;flex-start&quot;}\"  data-ratio=\"1\"  data-ratio-direction=\"right\" >\n<div id=\"pgc-25-2-0\"  class=\"panel-grid-cell\"  data-weight=\"1\" >\n<div id=\"panel-25-2-0-0\" class=\"so-panel widget widget_sow-editor panel-first-child panel-last-child\" data-index=\"2\" data-style=\"{&quot;background_display&quot;:&quot;tile&quot;,&quot;featured_widgets&quot;:&quot;&quot;}\" >\n<div class=\"so-widget-sow-editor so-widget-sow-editor-base\">\n<div class=\"siteorigin-widget-tinymce textwidget\">\n\t<strong>L\u2019hiver:<\/strong> Les joies de la glisse sur les pentes du Mt Fuji:<\/p>\n<p>2 stations \u00e0 votre disposition pour skier en toute libert\u00e9:<\/p>\n<ul>\n<li><a href=\"http:\/\/www.yeti-resort.com\/en\/\">Yeti Snow Town<\/a>, de d\u00e9but octobre \u00e0 d\u00e9but avril.<\/li>\n<li><a href=\"http:\/\/www.fujiten.net\/pc\/\">Fujiten<\/a>, de d\u00e9cembre \u00e0 mars.<\/li>\n<li><a href=\"http:\/\/www.vill.yamanakako.yamanashi.jp.e.kh.hp.transer.com\/snowfes\/\">Yamanakako Mt Fuji Snow Festival<\/a>Fin Janvier \u00e0 mi-f\u00e9vrier, \u00e0 Plaza Kirara. Animations et attractions dans la neige, au bord du lac face au Mont Fuji.<\/li>\n<\/ul>\n<p>Et bien entendu, l\u2019ascension du Mt Fuji, en Juillet et Aout pour l\u2019ouverture officielle et les acc\u00e8s aux refuges. Toutefois l\u2019ascension reste possible en dehors de cette p\u00e9riode sous r\u00e9serve de conditions m\u00e9t\u00e9orologiques favorables. Nous contacter.<\/p>\n<p>Si ces activit\u00e9s vous int\u00e9ressent n\u2019h\u00e9sitez pas \u00e0 nous consulter.<\/p>\n<\/div>\n<\/div>\n<\/div>\n<\/div>\n<\/div>\n<div id=\"pg-25-3\"  class=\"panel-grid panel-has-style\"  data-style=\"{&quot;background_image_attachment&quot;:&quot;1078&quot;,&quot;background_image_attachment_fallback&quot;:false,&quot;background_display&quot;:&quot;tile&quot;,&quot;row_stretch&quot;:&quot;full&quot;,&quot;cell_alignment&quot;:&quot;center&quot;}\"  data-ratio=\"0.61803398\"  data-ratio-direction=\"right\" >\n<div class=\"siteorigin-panels-stretch panel-row-style panel-row-style-for-25-3\" data-stretch-type=\"full\" >\n<div id=\"pgc-25-3-0\"  class=\"panel-grid-cell\"  data-weight=\"0.61803399209206\" >\n<div id=\"panel-25-3-0-0\" class=\"so-panel widget widget_sow-editor panel-first-child panel-last-child\" data-index=\"3\" data-style=\"{&quot;widget_css&quot;:&quot;color: #fff&quot;,&quot;background_display&quot;:&quot;tile&quot;,&quot;featured_widgets&quot;:&quot;&quot;}\" >\n<div class=\"panel-widget-style panel-widget-style-for-25-3-0-0\" >\n<div class=\"so-widget-sow-editor so-widget-sow-editor-base\">\n<div class=\"siteorigin-widget-tinymce textwidget\">\n<p style=\"text-align: right;\">Rendez votre voyage unique en rapportant chez vous \u00ab\u00a0LE\u00a0\u00bb souvenir (M\u00e9daille ou T-shirt) en devenant \u00ab\u00a0Finisher\u00a0\u00bb d\u2019un des grands rendez-vous Running, Trail-Running et Cycling du Mont Fuji en participant \u00e0 l\u2019un des \u00e9v\u00e8nements suivants:<\/p>\n<\/div>\n<\/div>\n<\/div>\n<\/div>\n<\/div>\n<div id=\"pgc-25-3-1\"  class=\"panel-grid-cell\"  data-weight=\"0.38196600790794\" >\n<div id=\"panel-25-3-1-0\" class=\"so-panel widget widget_sow-image panel-first-child panel-last-child\" data-index=\"4\" data-style=\"{&quot;widget_css&quot;:&quot;max-width: 50%;&quot;,&quot;background_image_attachment&quot;:false,&quot;background_display&quot;:&quot;tile&quot;,&quot;featured_widgets&quot;:&quot;&quot;}\" >\n<div class=\"panel-widget-style panel-widget-style-for-25-3-1-0\" ><div\n\t\t\t\n\t\t\tclass=\"so-widget-sow-image so-widget-sow-image-default-8b5b6f678277\"\n\t\t\t\n\t\t><\/div><\/div>\n<\/div>\n<\/div>\n<\/div>\n<\/div>\n<div id=\"pg-25-4\"  class=\"panel-grid panel-no-style\"  data-style=\"{&quot;background_display&quot;:&quot;tile&quot;,&quot;cell_alignment&quot;:&quot;flex-start&quot;}\"  data-ratio=\"1\"  data-ratio-direction=\"right\" >\n<div id=\"pgc-25-4-0\"  class=\"panel-grid-cell\"  data-weight=\"1\" >\n<div id=\"panel-25-4-0-0\" class=\"so-panel widget widget_sow-editor panel-first-child panel-last-child\" data-index=\"5\" data-style=\"{&quot;background_image_attachment&quot;:false,&quot;background_display&quot;:&quot;tile&quot;,&quot;featured_widgets&quot;:&quot;&quot;}\" >\n<div class=\"so-widget-sow-editor so-widget-sow-editor-base\">\n<div class=\"siteorigin-widget-tinymce textwidget\">\n<p><strong>Avril:<\/strong><br \/>\n<a href=\"http:\/\/www.r-wellness.com\/fuji5\/en\/index.html\">Ultra-marathon Challenge Fuji 5 lakes<\/a> (inscription d\u00e9but novembre) Une course sur route autour des l\u00e9gendaires 5 lacs. 3 distances au programme: 118 km (5 lacs), 100 km (4 lacs) et 71 km (3 lacs)<\/p>\n<p><a href=\"http:\/\/www.ultratrailmtfuji.com\/fr\/\">Ultra Trail Mont Fuji<\/a> (inscription d\u00e9but octobre) Le trail embl\u00e9matique du Japon, inscrit au calendrier de l\u2019UTWT. 170 km pour 8500 D+. La r\u00e9f\u00e9rence nationale et un souvenir in\u00e9galable.<\/p>\n<p><strong>Mai:<\/strong><br \/>\n<a href=\"http:\/\/www.yamanakako-roadrace.com\/guide.php\">Yamanakako Road Race<\/a> (inscription \u00e0 partir du 1er janvier) Une course sur route, autour du Lac, au pied de la station. 2 choix, un tour (13,6 km) pour petits et grands, ou un semi-marathon pour les plus de 16 ans.<\/p>\n<p><strong>Juin:<\/strong><br \/>\n<a href=\"http:\/\/oshinotrail.jp\">Fuji Oshino Kogen Trail<\/a> (inscription f\u00e9vrier) 3 distances pour ce trail au pied du Mt Fuji: 36 km, 23,7 km et 14,1 km, \u00e0 la difficult\u00e9 mod\u00e9r\u00e9e. Plaisir et souvenir \u00e0 la port\u00e9e de tous.<\/p>\n<p><a href=\"http:\/\/www.fujihc.jp\">Mt Fuji Hill Climb<\/a> (inscription mars) 25 km et 1270 m D+ pour cette course de v\u00e9lo sur route, qui vous m\u00e8nera jusqu\u2019\u00e0 la 5\u00e8me station de la voie Yoshida sur le Mt Fuji.<\/p>\n<p><strong>Juillet:<\/strong><br \/>\n<a href=\"http:\/\/www.fujimountainrace.jp\/forms\/top\/top.aspx\">Fuji Mountain Race<\/a> (inscription mars) La course ascensionnelle de r\u00e9f\u00e9rence, par la voie Yoshida. Grimpez du temple jusqu\u2019au sommet en un temps records.<\/p>\n<\/div>\n<\/div>\n<\/div>\n<\/div>\n<\/div>\n<div id=\"pg-25-5\"  class=\"panel-grid panel-no-style\"  data-style=\"{&quot;background_image_attachment&quot;:false,&quot;background_display&quot;:&quot;tile&quot;,&quot;cell_alignment&quot;:&quot;center&quot;}\"  data-ratio=\"0.61803398\"  data-ratio-direction=\"left\" >\n<div id=\"pgc-25-5-0\"  class=\"panel-grid-cell\"  data-weight=\"1\" >\n<div id=\"panel-25-5-0-0\" class=\"so-panel widget widget_sow-editor panel-first-child panel-last-child\" data-index=\"6\" data-style=\"{&quot;background_image_attachment&quot;:false,&quot;background_display&quot;:&quot;tile&quot;,&quot;featured_widgets&quot;:&quot;&quot;}\" >\n<div class=\"so-widget-sow-editor so-widget-sow-editor-base\">\n<div class=\"siteorigin-widget-tinymce textwidget\">\n<div id='gallery-1' class='gallery galleryid-10824 gallery-columns-4 gallery-size-medium'><figure class='gallery-item'>\n\t\t\t<div class='gallery-icon landscape'>\n\t\t\t\t<a href='https:\/\/3776d.com\/wp-content\/uploads\/2019\/02\/evenements-2.jpg'><img loading=\"lazy\" decoding=\"async\" width=\"300\" height=\"300\" src=\"https:\/\/3776d.com\/wp-content\/uploads\/2019\/02\/evenements-2-300x300.jpg\" class=\"attachment-medium size-medium\" alt=\"Yamanakako Road race - 3776d - Fuji Outdoor Sports\" aria-describedby=\"gallery-1-10825\" srcset=\"https:\/\/3776d.com\/wp-content\/uploads\/2019\/02\/evenements-2-300x300.jpg 300w, https:\/\/3776d.com\/wp-content\/uploads\/2019\/02\/evenements-2-150x150.jpg 150w, https:\/\/3776d.com\/wp-content\/uploads\/2019\/02\/evenements-2-768x768.jpg 768w, https:\/\/3776d.com\/wp-content\/uploads\/2019\/02\/evenements-2-1024x1024.jpg 1024w, https:\/\/3776d.com\/wp-content\/uploads\/2019\/02\/evenements-2-600x600.jpg 600w, https:\/\/3776d.com\/wp-content\/uploads\/2019\/02\/evenements-2-100x100.jpg 100w, https:\/\/3776d.com\/wp-content\/uploads\/2019\/02\/evenements-2.jpg 1080w\" sizes=\"auto, (max-width: 300px) 100vw, 300px\" \/><\/a>\n\t\t\t<\/div>\n\t\t\t\t<figcaption class='wp-caption-text gallery-caption' id='gallery-1-10825'>\n\t\t\t\tYamanakako Road race \n\t\t\t\t<\/figcaption><\/figure><figure class='gallery-item'>\n\t\t\t<div class='gallery-icon landscape'>\n\t\t\t\t<a href='https:\/\/3776d.com\/wp-content\/uploads\/2019\/02\/evenements-1.jpg'><img loading=\"lazy\" decoding=\"async\" width=\"300\" height=\"300\" src=\"https:\/\/3776d.com\/wp-content\/uploads\/2019\/02\/evenements-1-300x300.jpg\" class=\"attachment-medium size-medium\" alt=\"UTMF - 3776d - Fuji Outdoor Sports\" aria-describedby=\"gallery-1-10828\" srcset=\"https:\/\/3776d.com\/wp-content\/uploads\/2019\/02\/evenements-1-300x300.jpg 300w, https:\/\/3776d.com\/wp-content\/uploads\/2019\/02\/evenements-1-150x150.jpg 150w, https:\/\/3776d.com\/wp-content\/uploads\/2019\/02\/evenements-1-768x768.jpg 768w, https:\/\/3776d.com\/wp-content\/uploads\/2019\/02\/evenements-1-1024x1024.jpg 1024w, https:\/\/3776d.com\/wp-content\/uploads\/2019\/02\/evenements-1-600x600.jpg 600w, https:\/\/3776d.com\/wp-content\/uploads\/2019\/02\/evenements-1-100x100.jpg 100w, https:\/\/3776d.com\/wp-content\/uploads\/2019\/02\/evenements-1.jpg 1080w\" sizes=\"auto, (max-width: 300px) 100vw, 300px\" \/><\/a>\n\t\t\t<\/div>\n\t\t\t\t<figcaption class='wp-caption-text gallery-caption' id='gallery-1-10828'>\n\t\t\t\tUTMF \n\t\t\t\t<\/figcaption><\/figure><figure class='gallery-item'>\n\t\t\t<div class='gallery-icon landscape'>\n\t\t\t\t<a href='https:\/\/3776d.com\/wp-content\/uploads\/2019\/02\/evenements-3.jpg'><img loading=\"lazy\" decoding=\"async\" width=\"300\" height=\"300\" src=\"https:\/\/3776d.com\/wp-content\/uploads\/2019\/02\/evenements-3-300x300.jpg\" class=\"attachment-medium size-medium\" alt=\"Fuji Oshino Kogen Trail - 3776d - Fuji Outdoor Sports\" aria-describedby=\"gallery-1-10831\" srcset=\"https:\/\/3776d.com\/wp-content\/uploads\/2019\/02\/evenements-3-300x300.jpg 300w, https:\/\/3776d.com\/wp-content\/uploads\/2019\/02\/evenements-3-150x150.jpg 150w, https:\/\/3776d.com\/wp-content\/uploads\/2019\/02\/evenements-3-768x768.jpg 768w, https:\/\/3776d.com\/wp-content\/uploads\/2019\/02\/evenements-3-1024x1024.jpg 1024w, https:\/\/3776d.com\/wp-content\/uploads\/2019\/02\/evenements-3-600x600.jpg 600w, https:\/\/3776d.com\/wp-content\/uploads\/2019\/02\/evenements-3-100x100.jpg 100w, https:\/\/3776d.com\/wp-content\/uploads\/2019\/02\/evenements-3.jpg 1080w\" sizes=\"auto, (max-width: 300px) 100vw, 300px\" \/><\/a>\n\t\t\t<\/div>\n\t\t\t\t<figcaption class='wp-caption-text gallery-caption' id='gallery-1-10831'>\n\t\t\t\tFuji Oshino Kogen Trail\n\t\t\t\t<\/figcaption><\/figure><figure class='gallery-item'>\n\t\t\t<div class='gallery-icon landscape'>\n\t\t\t\t<a href='https:\/\/3776d.com\/wp-content\/uploads\/2019\/02\/evenements-4.jpg'><img loading=\"lazy\" decoding=\"async\" width=\"300\" height=\"300\" src=\"https:\/\/3776d.com\/wp-content\/uploads\/2019\/02\/evenements-4-300x300.jpg\" class=\"attachment-medium size-medium\" alt=\"Fuji Oshino Kogen Trail - 3776d - Fuji Outdoor Sports\" aria-describedby=\"gallery-1-10834\" srcset=\"https:\/\/3776d.com\/wp-content\/uploads\/2019\/02\/evenements-4-300x300.jpg 300w, https:\/\/3776d.com\/wp-content\/uploads\/2019\/02\/evenements-4-150x150.jpg 150w, https:\/\/3776d.com\/wp-content\/uploads\/2019\/02\/evenements-4-768x768.jpg 768w, https:\/\/3776d.com\/wp-content\/uploads\/2019\/02\/evenements-4-1024x1024.jpg 1024w, https:\/\/3776d.com\/wp-content\/uploads\/2019\/02\/evenements-4-600x600.jpg 600w, https:\/\/3776d.com\/wp-content\/uploads\/2019\/02\/evenements-4-100x100.jpg 100w, https:\/\/3776d.com\/wp-content\/uploads\/2019\/02\/evenements-4.jpg 1080w\" sizes=\"auto, (max-width: 300px) 100vw, 300px\" \/><\/a>\n\t\t\t<\/div>\n\t\t\t\t<figcaption class='wp-caption-text gallery-caption' id='gallery-1-10834'>\n\t\t\t\tFuji Oshino Kogen Trail\n\t\t\t\t<\/figcaption><\/figure>\n\t\t<\/div>\n\n<\/div>\n<\/div>\n<\/div>\n<\/div>\n<\/div>\n<div id=\"pg-25-6\"  class=\"panel-grid panel-no-style\"  data-style=\"{&quot;background_display&quot;:&quot;tile&quot;,&quot;cell_alignment&quot;:&quot;flex-start&quot;}\"  data-ratio=\"1\"  data-ratio-direction=\"right\" >\n<div id=\"pgc-25-6-0\"  class=\"panel-grid-cell\"  data-weight=\"1\" >\n<div id=\"panel-25-6-0-0\" class=\"so-panel widget widget_sow-editor panel-first-child panel-last-child\" data-index=\"7\" data-style=\"{&quot;background_image_attachment&quot;:false,&quot;background_display&quot;:&quot;tile&quot;,&quot;featured_widgets&quot;:&quot;&quot;}\" >\n<div class=\"so-widget-sow-editor so-widget-sow-editor-base\">\n<div class=\"siteorigin-widget-tinymce textwidget\">\n<p><strong>Ao\u00fbt:<\/strong><br \/>\n<a href=\"https:\/\/gotemba-rk.jimdo.com\/\">Mont Fuji Ekiden<\/a><br \/>\n<a href=\"http:\/\/www.trainic-world.com\/\">Mont Fuji World Heritage Foot Race<\/a><\/p>\n<p><strong>Septembre:<\/strong><br \/>\n<a href=\"http:\/\/www.trailrun-series.jp\/\">Fujisanroku Trail Run<\/a>\u00a0un 18 et un 10 km qui emprunte le parcours de l\u2019UTMF, comme si on y e\u0301tait mais en plus re\u0301duit.<\/p>\n<p><strong>Octobre:<\/strong><br \/>\n<a href=\"http:\/\/www.ekidenforpeace.com\">Yamanakako Ekiden<\/a> (inscription mars) Participez \u00e0 un Ekiden, ces courses en relais qui passionnent le Japon. Course en \u00e9quipe autour du lac avec 2 distances: 13,5 km (1 tour et 3 relayeurs) ou 27 km (2 tours et 5 relayeurs). Au pied de la station.<\/p>\n<p><a href=\"http:\/\/trailrun-series.jp\/genshirin\/\">Genshirin Trail Run<\/a>, que vous choisissiez le long (25) ou le court (16,5) vous n\u2019e\u0301chapperez pas a\u0300 la traverse\u0301e de la le\u0301gendaire fore\u0302t Aokigahara, plus connu sous le nom de la fore\u0302t des suicides. Ambiance garantie.<\/p>\n<p><strong>Novembre:<\/strong><br \/>\n<a href=\"http:\/\/fuji-marathon-festa.jp\/course\/\">Fuji marathon Festa<\/a> (inscription septembre) Road race sur le mythique Fuji Speedway, avec plusieurs courses au programme, du 3 km pour les enfants au semi-marathon.<\/p>\n<p><a href=\"https:\/\/fujisan-marathon.jp\">Fujisan Marathon<\/a> (inscription fin mai) Un marathon qui vous fera faire le tour des lacs Kawaguchiko et Saiko, une approche raisonnable avant Fuji5Lakes.<\/p>\n<p><a href=\"http:\/\/trailrun-series.jp\/syakushiyama\/\">Fujiyoshida Syakushiyama Panorama Trail Run<\/a>, empruntant e\u0301galement pour partie le trace\u0301 de l\u2019UTMF, sur 13 et 19 km, cette course s\u2019inscrit dans les Friendship race de l\u2019UTMF.<\/p>\n<\/div>\n<\/div>\n<\/div>\n<\/div>\n<\/div>\n<\/div>\n","protected":false},"excerpt":{"rendered":"<p>Accessibles depuis la station, l\u2019Outdoor c\u2019est aussi: Toute l\u2019ann\u00e9e: des Emotions et Sensations avec: Fuji Q H &hellip;<\/p>\n","protected":false},"author":1,"featured_media":0,"parent":0,"menu_order":0,"comment_status":"closed","ping_status":"closed","template":"","meta":{"_acf_changed":false,"_monsterinsights_skip_tracking":false,"_monsterinsights_sitenote_active":false,"_monsterinsights_sitenote_note":"","_monsterinsights_sitenote_category":0,"footnotes":""},"class_list":{"0":"post-10824","1":"page","2":"type-page","3":"status-publish","5":"clearfix","6":"article"},"acf":[],"_links":{"self":[{"href":"https:\/\/3776d.com\/ja\/wp-json\/wp\/v2\/pages\/10824","targetHints":{"allow":["GET"]}}],"collection":[{"href":"https:\/\/3776d.com\/ja\/wp-json\/wp\/v2\/pages"}],"about":[{"href":"https:\/\/3776d.com\/ja\/wp-json\/wp\/v2\/types\/page"}],"author":[{"embeddable":true,"href":"https:\/\/3776d.com\/ja\/wp-json\/wp\/v2\/users\/1"}],"replies":[{"embeddable":true,"href":"https:\/\/3776d.com\/ja\/wp-json\/wp\/v2\/comments?post=10824"}],"version-history":[{"count":0,"href":"https:\/\/3776d.com\/ja\/wp-json\/wp\/v2\/pages\/10824\/revisions"}],"wp:attachment":[{"href":"https:\/\/3776d.com\/ja\/wp-json\/wp\/v2\/media?parent=10824"}],"curies":[{"name":"wp","href":"https:\/\/api.w.org\/{rel}","templated":true}]}}